{"id":48360,"date":"2021-03-05T11:54:31","date_gmt":"2021-03-05T11:54:31","guid":{"rendered":"https:\/\/www.volkswagen.es\/?page_id=48360"},"modified":"2021-11-29T10:22:48","modified_gmt":"2021-11-29T10:22:48","slug":"politica-de-cookies","status":"publish","type":"page","link":"https:\/\/www.volkswagen.es\/comunicacion\/politica-de-cookies\/","title":{"rendered":"Pol\u00edtica de cookies"},"content":{"rendered":"<div class=\"btn-container text-center py-4\"><\/div>\n<h3>Tratamiento de los datos obtenidos a trav\u00e9s de las cookies<\/h3>\n<p>Te advertimos que esta web utiliza cookies. Las cookies son peque\u00f1os bloques de informaci\u00f3n que tu navegador almacena en el disco duro de tu ordenador y que permiten a Volkswagen Group Espa\u00f1a Distribuci\u00f3n S.A. ofrecerte servicios como la posibilidad de recordar determinados aspectos de tu \u00faltima b\u00fasqueda para que tus b\u00fasquedas posteriores sean m\u00e1s r\u00e1pidas.<\/p>\n<p>La mayor\u00eda de navegadores aceptan las cookies de forma autom\u00e1tica. Recuerda que, aunque est\u00e9n aceptadas, puedes cambiar la configuraci\u00f3n de estas cookies siempre que quieras. Tambi\u00e9n podr\u00e1s borrarlas de tu disco duro si lo prefieres e incluso utilizar esta web sin cookies y seguir disfrutando de la mayor parte de los servicios de nuestra web.<\/p>\n<p>Este sitio web puede utilizar las siguientes cookies:<\/p>\n<h3>Cookies de sesi\u00f3n<\/h3>\n<p>Las cookies de sesi\u00f3n son memorizadas y \u00fanicamente tienen validez temporal, es decir, hasta que el usuario finaliza la navegaci\u00f3n por la p\u00e1gina web. Estas cookies no graban de forma permanente ninguna informaci\u00f3n en el disco duro de su ordenador.<\/p>\n<h3>Cookies de navegaci\u00f3n<\/h3>\n<p>El objetivo principal de las cookies de navegaci\u00f3n es evitar ofrecerles recomendaciones no afines a sus intereses y ofrecerles propuestas comerciales dirigidas y personalizadas. Estas cookies de navegaci\u00f3n basan su utilidad en el seguimiento temporal de la navegaci\u00f3n por Internet. El Usuario tiene la posibilidad de eliminar este tipo de cookies antes de iniciar la navegaci\u00f3n por otras p\u00e1ginas del sitio web.<\/p>\n<h3>Cookies estad\u00edsticas<\/h3>\n<p>Las cookies estad\u00edsticas permiten conocer la siguiente informaci\u00f3n:<\/p>\n<p>* La forma de interactuar los usuarios en el sitio web.<\/p>\n<p>* Recopila informaci\u00f3n de forma an\u00f3nima<\/p>\n<p>* Elabora informes de tendencias de sitios web sin identificar a usuarios individuales.<\/p>\n<p>Para realizar las estad\u00edsticas de uso de nuestro sitio web utilizamos herramientas estad\u00edsticas con un alcance limitado a las funciones descritas en el p\u00e1rrafo anterior y con la finalidad de conocer el nivel de recurrencia de nuestros visitantes y los contenidos que resultan m\u00e1s interesantes. De esta manera podemos concentrar nuestros esfuerzos en mejorar las \u00e1reas m\u00e1s visitadas y hacer que el usuario encuentre m\u00e1s f\u00e1cilmente lo que busca.<\/p>\n<h3>Cookies de terceros<\/h3>\n<p>En determinadas ocasiones podemos ofrecer a trav\u00e9s de nuestra p\u00e1gina Web contenidos de terceros, por ejemplo de la red social Facebook. \u00c9stos terceros pueden instalar cookies que escapan de nuestro control.<\/p>\n<h3>Lista de cookies especificas que utiliza el sitio web:<\/h3>\n<table class=\"table sortierbar\">\n<thead>\n<tr>\n<th class=\"sortierbar\" title=\"Sort table for &quot;Cookiename&quot;\" colspan=\"2\">Cookie<\/th>\n<th class=\"sortierbar\" title=\"Sort table for &quot;Sample value&quot;\">Valor<\/th>\n<th class=\"sortierbar\" title=\"Sort table for &quot;Expire&quot;\">Caducidad<\/th>\n<th class=\"sortierbar\" title=\"Sort table for &quot;Type&quot;\">Tipo<\/th>\n<th class=\"sortierbar\" title=\"Sort table for &quot;Domain&quot;\">Dominio<\/th>\n<th class=\"sortierbar\" title=\"Sort table for &quot;Vendor&quot;\">Proveedor<\/th>\n<\/tr>\n<\/thead>\n<tbody>\n<tr>\n<td><\/td>\n<td>IDE<\/td>\n<td>AHWqTUnOURYykpa\u00adMILDmSkrhZHlCse\u00ad&#8230;<\/td>\n<td>390 days<\/td>\n<td><span class=\"cookieedit\"><span id=\"ctype27\">Marketing<\/span>\u00a0<i class=\"fa fa-pencil\"><\/i><\/span><\/td>\n<td><span class=\"dtype10\">*.doubleclick.n\u00adet\u00a0<i class=\"fa fa-pencil\"><\/i><\/span><\/td>\n<td><span class=\"vendoredit\"><span class=\"vtype27\">Google Ads<br \/>\n<a title=\"Ir a Pol\u00edtica de Privacidad de Google\" href=\"https:\/\/policies.google.com\/privacy\">P. Privacidad<\/a><br \/>\n<\/span><i class=\"fa fa-pencil\"><\/i><\/span><\/td>\n<\/tr>\n<tr>\n<td><\/td>\n<td>test_cookie<\/td>\n<td>CheckForPermiss\u00adion<\/td>\n<td>13 minutes<\/td>\n<td><span class=\"cookieedit\"><span id=\"ctype20\">Other<\/span>\u00a0<i class=\"fa fa-pencil\"><\/i><\/span><\/td>\n<td><span class=\"dtype10\">*.doubleclick.n\u00adet\u00a0<i class=\"fa fa-pencil\"><\/i><\/span><\/td>\n<td><span class=\"vendoredit\"><span class=\"vtype20\">Google Ads<br \/>\n<span class=\"vtype27\"><a title=\"Ir a Pol\u00edtica de Privacidad de Google\" href=\"https:\/\/policies.google.com\/privacy\">P. Privacidad<\/a><\/span><br \/>\n<\/span>\u00a0<i class=\"fa fa-pencil\"><\/i><\/span><\/td>\n<\/tr>\n<tr>\n<td><\/td>\n<td>__cmpcccu*<\/td>\n<td>aBPD4PreAAADAAB\u00adAA0AB4AEQAhwHEg\u00ad&#8230;<\/td>\n<td>&#8211;<\/td>\n<td><span class=\"cookieedit\"><span id=\"ctype4833591\">Function<\/span>\u00a0<i class=\"fa fa-pencil\"><\/i><\/span><\/td>\n<td>.volkswagen.es<\/td>\n<td><span class=\"vendoredit\"><span class=\"vtype4833591\">consentmanager<br \/>\n<\/span><a href=\"https:\/\/www.consentmanager.net\/privacy.php\">P. Privacidad<\/a><i class=\"fa fa-pencil\"><\/i><\/span><\/td>\n<\/tr>\n<tr>\n<td><\/td>\n<td>_ga<\/td>\n<td>GA1.2.504568932\u00ad.1617103233<\/td>\n<td>730 days<\/td>\n<td><span class=\"cookieedit\"><span id=\"ctype4833053\">Measurement<\/span>\u00a0<i class=\"fa fa-pencil\"><\/i><\/span><\/td>\n<td>.volkswagen.es<\/td>\n<td><span class=\"vendoredit\"><span class=\"vtype4833053\">Google Analytic\u00ads<br \/>\n<span class=\"vtype20\"><span class=\"vtype27\"><a title=\"Ir a Pol\u00edtica de Privacidad de Google\" href=\"https:\/\/policies.google.com\/privacy?hl=en&amp;gl=ZZ\">P. Privacidad<\/a><\/span><\/span><\/span><br \/>\n<i class=\"fa fa-pencil\"><\/i><\/span><\/td>\n<\/tr>\n<tr>\n<td><\/td>\n<td>_gid<\/td>\n<td>GA1.2.161753374\u00ad0.1617103233<\/td>\n<td>1 days<\/td>\n<td><span class=\"cookieedit\"><span id=\"ctype4833054\">Measurement<\/span>\u00a0<i class=\"fa fa-pencil\"><\/i><\/span><\/td>\n<td>.volkswagen.es<\/td>\n<td><span class=\"vendoredit\"><span class=\"vtype4833054\">Google Analytic\u00ads<br \/>\n<span class=\"vtype4833053\"><span class=\"vtype20\"><span class=\"vtype27\"><a title=\"Ir a Pol\u00edtica de Privacidad de Google\" href=\"https:\/\/policies.google.com\/privacy?hl=en&amp;gl=ZZ\">P. Privacidad<\/a><\/span><\/span><\/span><\/span>\u00a0<i class=\"fa fa-pencil\"><\/i><\/span><\/td>\n<\/tr>\n<tr>\n<td><\/td>\n<td>nc_euconsent-v2<\/td>\n<td>CPD4PrePD4PreAf\u00adDOBENBTCAAAAAAA\u00ad&#8230;<\/td>\n<td>&#8211;<\/td>\n<td><span class=\"cookieedit\"><span id=\"ctype4833590\">Function<\/span>\u00a0<i class=\"fa fa-pencil\"><\/i><\/span><\/td>\n<td>.volkswagen.es<\/td>\n<td><span class=\"vendoredit\"><span class=\"vtype4833590\">consentmanager<br \/>\n<a href=\"https:\/\/www.consentmanager.net\/privacy.php\">P. Privacidad<\/a><\/span><br \/>\n<i class=\"fa fa-pencil\"><\/i><\/span><\/td>\n<\/tr>\n<tr>\n<td><\/td>\n<td>__cmpcccx*<\/td>\n<td>aBPAxrmFgAAAAAA<\/td>\n<td>364 days, 17 Hours, 2 minutes<\/td>\n<td><span class=\"cookieedit\"><span id=\"ctype4532596\">Function<\/span>\u00a0<i class=\"fa fa-pencil\"><\/i><\/span><\/td>\n<td><span class=\"dtype615\">consensu.org\u00a0<i class=\"fa fa-pencil\"><\/i><\/span><\/td>\n<td><span class=\"vendoredit\"><span class=\"vtype4532596\">consentmanager<br \/>\n<a href=\"https:\/\/www.consentmanager.net\/privacy.php\">P. Privacidad<\/a><\/span><br \/>\n<i class=\"fa fa-pencil\"><\/i><\/span><\/td>\n<\/tr>\n<tr>\n<td><\/td>\n<td>__cmpconsent*<\/td>\n<td>BOZlsIAOasNFgAf\u00adAByDECC-AAAAjx7\u00ad&#8230;<\/td>\n<td>31 minutes<\/td>\n<td><span class=\"cookieedit\"><span id=\"ctype1782479\">Preferences<\/span>\u00a0<i class=\"fa fa-pencil\"><\/i><\/span><\/td>\n<td><span class=\"dtype615\">consensu.org\u00a0<i class=\"fa fa-pencil\"><\/i><\/span><\/td>\n<td><span class=\"vendoredit\"><span class=\"vtype1782479\">consentmanager<\/span><br \/>\n<a href=\"https:\/\/www.consentmanager.net\/privacy.php\">P. Privacidad<\/a><br \/>\n<i class=\"fa fa-pencil\"><\/i><\/span><\/td>\n<\/tr>\n<tr>\n<td><\/td>\n<td>__cmpcccu*<\/td>\n<td>aBPE81K7gAADgAB\u00adgAuADAAGgAPAAiA\u00ad&#8230;<\/td>\n<td>&#8211;<\/td>\n<td><span class=\"cookieedit\"><span id=\"ctype4950467\">Function<\/span>\u00a0<i class=\"fa fa-pencil\"><\/i><\/span><\/td>\n<td>.volkswagen.es<\/td>\n<td><span class=\"vendoredit\"><span class=\"vtype4950467\">consentmanager<br \/>\n<a href=\"https:\/\/www.consentmanager.net\/privacy.php\">P. Privacidad<\/a><\/span><br \/>\n<i class=\"fa fa-pencil\"><\/i><\/span><\/td>\n<\/tr>\n<tr>\n<td><\/td>\n<td>nc_euconsent-v2\u00ad_*<\/td>\n<td>CPE81K7PE81K7Af\u00adDOBNLBWCAAAAAAA\u00ad&#8230;<\/td>\n<td>&#8211;<\/td>\n<td><span class=\"cookieedit\"><span id=\"ctype4950466\">Function<\/span>\u00a0<i class=\"fa fa-pencil\"><\/i><\/span><\/td>\n<td>.volkswagen.es<\/td>\n<td><span class=\"vendoredit\"><span class=\"vtype4950466\">consentmanager<br \/>\n<a href=\"https:\/\/www.consentmanager.net\/privacy.php\">P. Privacidad<\/a><br \/>\n<\/span>\u00a0<i class=\"fa fa-pencil\"><\/i><\/span><\/td>\n<\/tr>\n<tr>\n<td><\/td>\n<td><\/td>\n<td><\/td>\n<td><\/td>\n<td><\/td>\n<td><\/td>\n<td><\/td>\n<\/tr>\n<tr>\n<td><\/td>\n<td>__cmpcccu*<\/td>\n<td>aBPFUqvzgAAEAAB\u00adgAuADAAGgAPAAiA\u00ad&#8230;<\/td>\n<td>&#8211;<\/td>\n<td><span class=\"cookieedit\"><span id=\"ctype4974143\">Function<\/span>\u00a0<i class=\"fa fa-pencil\"><\/i><\/span><\/td>\n<td><span class=\"dtype615\">consensu.org\u00a0<\/span><\/td>\n<td><span class=\"vendoredit\"><span class=\"vtype4974143\">consentmanager<\/span><br \/>\n<a href=\"https:\/\/www.consentmanager.net\/privacy.php\">P. Privacidad<\/a><br \/>\n<i class=\"fa fa-pencil\"><\/i><\/span><\/td>\n<\/tr>\n<tr>\n<td><\/td>\n<td>nc_euconsent-v2\u00ad_*<\/td>\n<td>CPD6WRuPD6WRuAf\u00adDOBDEBTCAAAAAAA\u00ad&#8230;<\/td>\n<td>&#8211;<\/td>\n<td><span class=\"cookieedit\"><span id=\"ctype4835113\">Function<\/span>\u00a0<i class=\"fa fa-pencil\"><\/i><\/span><\/td>\n<td><span class=\"dtype615\">consensu.org\u00a0<\/span><\/td>\n<td><span class=\"vendoredit\"><span class=\"vtype4835113\">consentmanager<br \/>\n<a href=\"https:\/\/www.consentmanager.net\/privacy.php\">P. Privacidad<\/a><\/span>\u00a0<i class=\"fa fa-pencil\"><\/i><\/span><\/td>\n<\/tr>\n<tr>\n<td><\/td>\n<td>TESTCOOKIESENAB\u00adLED<\/td>\n<td>1<\/td>\n<td>2 minutes<\/td>\n<td><span class=\"cookieedit\"><span id=\"ctype4758513\">[unknown]<\/span>\u00a0<i class=\"fa fa-pencil\"><\/i><\/span><\/td>\n<td><span class=\"dtype878\">www.youtube.com\u00a0<i class=\"fa fa-pencil\"><\/i><\/span><\/td>\n<td><span class=\"vendoredit\"><span class=\"vtype4758513\">YouTube<br \/>\n<a href=\"https:\/\/support.google.com\/youtube\/answer\/7671399\">P. Privacidad<\/a><\/span><br \/>\n<i class=\"fa fa-pencil\"><\/i><\/span><\/td>\n<\/tr>\n<tr>\n<td><\/td>\n<td>__sak<\/td>\n<td>1<\/td>\n<td>&#8211;<\/td>\n<td><span class=\"cookieedit\"><span id=\"ctype463458\">Function<\/span>\u00a0<i class=\"fa fa-pencil\"><\/i><\/span><\/td>\n<td><span class=\"dtype878\">www.youtube.com\u00a0<i class=\"fa fa-pencil\"><\/i><\/span><\/td>\n<td><span class=\"vendoredit\"><span class=\"vtype463458\">YouTube<span class=\"vtype4758513\"><br \/>\n<a href=\"https:\/\/support.google.com\/youtube\/answer\/7671399\">P. Privacidad<\/a><\/span><\/span>\u00a0<i class=\"fa fa-pencil\"><\/i><\/span><\/td>\n<\/tr>\n<tr>\n<td><\/td>\n<td>nextId<\/td>\n<td><\/td>\n<td>&#8211;<\/td>\n<td><span class=\"cookieedit\"><span id=\"ctype2836\">Function<\/span>\u00a0<i class=\"fa fa-pencil\"><\/i><\/span><\/td>\n<td><span class=\"dtype878\">www.youtube.com\u00a0<i class=\"fa fa-pencil\"><\/i><\/span><\/td>\n<td><span class=\"vendoredit\"><span class=\"vtype2836\">YouTube<br \/>\n<span class=\"vtype4758513\"><a href=\"https:\/\/support.google.com\/youtube\/answer\/7671399\">P. Privacidad<\/a><\/span><\/span><br \/>\n<i class=\"fa fa-pencil\"><\/i><\/span><\/td>\n<\/tr>\n<tr>\n<td><\/td>\n<td>requests<\/td>\n<td><\/td>\n<td>&#8211;<\/td>\n<td><span class=\"cookieedit\"><span id=\"ctype2837\">Function<\/span>\u00a0<i class=\"fa fa-pencil\"><\/i><\/span><\/td>\n<td><span class=\"dtype878\">www.youtube.com\u00a0<i class=\"fa fa-pencil\"><\/i><\/span><\/td>\n<td><span class=\"vendoredit\"><span class=\"vtype2837\">YouTube<br \/>\n<span class=\"vtype4758513\"><a href=\"https:\/\/support.google.com\/youtube\/answer\/7671399\">P. Privacidad<\/a><\/span><\/span><br \/>\n<i class=\"fa fa-pencil\"><\/i><\/span><\/td>\n<\/tr>\n<tr>\n<td><\/td>\n<td>yt-player-banda\u00adid-host<\/td>\n<td>{\u00abdata\u00bb:\u00bb{\\\u00bbTT\\\u00ad\u00bb:\\\u00bbr6&#8212;sn-op5\u00ad&#8230;<\/td>\n<td>&#8211;<\/td>\n<td><span class=\"cookieedit\"><span id=\"ctype1990112\">[unknown]<\/span>\u00a0<i class=\"fa fa-pencil\"><\/i><\/span><\/td>\n<td><span class=\"dtype878\">www.youtube.com\u00a0<i class=\"fa fa-pencil\"><\/i><\/span><\/td>\n<td><span class=\"vendoredit\"><span class=\"vtype1990112\">YouTube<br \/>\n<\/span> <span class=\"vtype4758513\"><a href=\"https:\/\/support.google.com\/youtube\/answer\/7671399\">P. Privacidad<\/a><\/span><i class=\"fa fa-pencil\"><\/i><\/span><\/td>\n<\/tr>\n<tr>\n<td><\/td>\n<td>yt-player-bandw\u00adidth<\/td>\n<td>{\u00abdata\u00bb:\u00bb{\\\u00bbdel\u00aday\\\u00bb:0.08466666\u00ad&#8230;<\/td>\n<td>&#8211;<\/td>\n<td><span class=\"cookieedit\"><span id=\"ctype465613\">[unknown]<\/span>\u00a0<i class=\"fa fa-pencil\"><\/i><\/span><\/td>\n<td><span class=\"dtype878\">www.youtube.com\u00a0<i class=\"fa fa-pencil\"><\/i><\/span><\/td>\n<td><span class=\"vendoredit\"><span class=\"vtype465613\">YouTube<span class=\"vtype4758513\"><br \/>\n<a href=\"https:\/\/support.google.com\/youtube\/answer\/7671399\">P. Privacidad<\/a><\/span><\/span>\u00a0<i class=\"fa fa-pencil\"><\/i><\/span><\/td>\n<\/tr>\n<tr>\n<td><\/td>\n<td>yt-player-heade\u00adrs-readable<\/td>\n<td>{\u00abdata\u00bb:\u00bbtrue\u00bb,\u00ad\u00bbexpiration\u00bb:15\u00ad&#8230;<\/td>\n<td>&#8211;<\/td>\n<td><span class=\"cookieedit\"><span id=\"ctype465612\">[unknown]<\/span>\u00a0<i class=\"fa fa-pencil\"><\/i><\/span><\/td>\n<td><span class=\"dtype878\">www.youtube.com\u00a0<i class=\"fa fa-pencil\"><\/i><\/span><\/td>\n<td><span class=\"vendoredit\"><span class=\"vtype465612\">YouTube<span class=\"vtype4758513\"><br \/>\n<a href=\"https:\/\/support.google.com\/youtube\/answer\/7671399\">P. Privacidad<\/a><\/span><\/span><br \/>\n<i class=\"fa fa-pencil\"><\/i><\/span><\/td>\n<\/tr>\n<tr>\n<td><\/td>\n<td>yt-remote-conne\u00adcted-devices<\/td>\n<td>{\u00abdata\u00bb:\u00bb[]\u00bb,\u00bbe\u00adxpiration\u00bb:1572\u00ad&#8230;<\/td>\n<td>&#8211;<\/td>\n<td><span class=\"cookieedit\"><span id=\"ctype463460\">[unknown]<\/span>\u00a0<i class=\"fa fa-pencil\"><\/i><\/span><\/td>\n<td><span class=\"dtype878\">www.youtube.com\u00a0<i class=\"fa fa-pencil\"><\/i><\/span><\/td>\n<td><span class=\"vendoredit\"><span class=\"vtype463460\">YouTube<span class=\"vtype4758513\"><br \/>\n<a href=\"https:\/\/support.google.com\/youtube\/answer\/7671399\">P. Privacidad<\/a><\/span><\/span><br \/>\n<i class=\"fa fa-pencil\"><\/i><\/span><\/td>\n<\/tr>\n<tr>\n<td><\/td>\n<td>yt-remote-devic\u00ade-id<\/td>\n<td>{\u00abdata\u00bb:\u00bb9bf8a3\u00ad1d-5886-4782-ae\u00ad&#8230;<\/td>\n<td>&#8211;<\/td>\n<td><span class=\"cookieedit\"><span id=\"ctype463459\">[unknown]<\/span>\u00a0<i class=\"fa fa-pencil\"><\/i><\/span><\/td>\n<td><span class=\"dtype878\">www.youtube.com\u00a0<i class=\"fa fa-pencil\"><\/i><\/span><\/td>\n<td><span class=\"vendoredit\"><span class=\"vtype463459\">YouTube<br \/>\n<\/span><span class=\"vtype4758513\"><a href=\"https:\/\/support.google.com\/youtube\/answer\/7671399\">P. Privacidad<\/a><\/span><br \/>\n<i class=\"fa fa-pencil\"><\/i><\/span><\/td>\n<\/tr>\n<tr>\n<td><\/td>\n<td>yt.innertube::n\u00adextId<\/td>\n<td>{\u00abdata\u00bb:2,\u00bbexpi\u00adration\u00bb:1572881\u00ad&#8230;<\/td>\n<td>&#8211;<\/td>\n<td><span class=\"cookieedit\"><span id=\"ctype488638\">[unknown]<\/span>\u00a0<i class=\"fa fa-pencil\"><\/i><\/span><\/td>\n<td><span class=\"dtype878\">www.youtube.com\u00a0<i class=\"fa fa-pencil\"><\/i><\/span><\/td>\n<td><span class=\"vendoredit\"><span class=\"vtype488638\">YouTube<br \/>\n<\/span><span class=\"vtype4758513\"><a href=\"https:\/\/support.google.com\/youtube\/answer\/7671399\">P. Privacidad<\/a><\/span>\u00a0<i class=\"fa fa-pencil\"><\/i><\/span><\/td>\n<\/tr>\n<tr>\n<td><\/td>\n<td>yt.innertube::r\u00adequests<\/td>\n<td>{\u00abdata\u00bb:{},\u00bbexp\u00adiration\u00bb:157288\u00ad&#8230;<\/td>\n<td>&#8211;<\/td>\n<td><span class=\"cookieedit\"><span id=\"ctype488639\">[unknown]<\/span>\u00a0<i class=\"fa fa-pencil\"><\/i><\/span><\/td>\n<td><span class=\"dtype878\">www.youtube.com\u00a0<i class=\"fa fa-pencil\"><\/i><\/span><\/td>\n<td><span class=\"vendoredit\"><span class=\"vtype488639\">YouTube<\/span><br \/>\n<span class=\"vtype4758513\"><a href=\"https:\/\/support.google.com\/youtube\/answer\/7671399\">P. Privacidad<\/a><\/span><br \/>\n<i class=\"fa fa-pencil\"><\/i><\/span><\/td>\n<\/tr>\n<tr>\n<td><\/td>\n<td>CONSENT<\/td>\n<td>WP.270d46<\/td>\n<td>6085 days, 2 Hours, 2 minutes<\/td>\n<td><span class=\"cookieedit\"><span id=\"ctype2201\">Preferences<\/span>\u00a0<i class=\"fa fa-pencil\"><\/i><\/span><\/td>\n<td><span class=\"dtype306\">youtube.com\u00a0<i class=\"fa fa-pencil\"><\/i><\/span><\/td>\n<td><span class=\"vendoredit\"><span class=\"vtype2201\">YouTube<\/span><br \/>\n<span class=\"vtype4758513\"><a href=\"https:\/\/support.google.com\/youtube\/answer\/7671399\">P. Privacidad<\/a><\/span><br \/>\n<i class=\"fa fa-pencil\"><\/i><\/span><\/td>\n<\/tr>\n<tr>\n<td><\/td>\n<td>VISITOR_INFO1_L\u00adIVE<\/td>\n<td>1cH9Q9IjOPc<\/td>\n<td>180 days<\/td>\n<td><span class=\"cookieedit\"><span id=\"ctype826\">Function<\/span>\u00a0<i class=\"fa fa-pencil\"><\/i><\/span><\/td>\n<td><span class=\"dtype306\">youtube.com\u00a0<i class=\"fa fa-pencil\"><\/i><\/span><\/td>\n<td><span class=\"vendoredit\"><span class=\"vtype826\">YouTube<\/span><br \/>\n<span class=\"vtype4758513\"><a href=\"https:\/\/support.google.com\/youtube\/answer\/7671399\">P. Privacidad<\/a><\/span><br \/>\n<i class=\"fa fa-pencil\"><\/i><\/span><\/td>\n<\/tr>\n<tr>\n<td><\/td>\n<td>YSC<\/td>\n<td>DDkUl7Pl54Y<\/td>\n<td>&#8211;<\/td>\n<td><span class=\"cookieedit\"><span id=\"ctype829\">Function<\/span>\u00a0<i class=\"fa fa-pencil\"><\/i><\/span><\/td>\n<td><span class=\"dtype306\">youtube.com\u00a0<i class=\"fa fa-pencil\"><\/i><\/span><\/td>\n<td><span class=\"vendoredit\"><span class=\"vtype829\">YouTube<\/span><br \/>\n<span class=\"vtype4758513\"><a href=\"https:\/\/support.google.com\/youtube\/answer\/7671399\">P. Privacidad<\/a><\/span><br \/>\n<i class=\"fa fa-pencil\"><\/i><\/span><\/td>\n<\/tr>\n<tr>\n<td><\/td>\n<td>remote_sid<\/td>\n<td><\/td>\n<td>&#8211;<\/td>\n<td><span class=\"cookieedit\"><span id=\"ctype2835\">Function<\/span>\u00a0<i class=\"fa fa-pencil\"><\/i><\/span><\/td>\n<td><span class=\"dtype306\">youtube.com\u00a0<i class=\"fa fa-pencil\"><\/i><\/span><\/td>\n<td><span class=\"vendoredit\"><span class=\"vtype2835\">YouTube<\/span><br \/>\n<span class=\"vtype4758513\"><a href=\"https:\/\/support.google.com\/youtube\/answer\/7671399\">P. Privacidad<\/a><\/span><br \/>\n<i class=\"fa fa-pencil\"><\/i><\/span><\/td>\n<\/tr>\n<\/tbody>\n<\/table>\n<p>Sin perjuicio de lo anterior, el Usuario tiene la posibilidad de configurar su navegador para aceptar o rechazar por defecto todas las cookies o para recibir un aviso en pantalla de la recepci\u00f3n de cada cookie y decidir en ese momento su implantaci\u00f3n o no en su disco duro. Para ello, le sugerimos la secci\u00f3n de ayuda de su navegador para saber c\u00f3mo cambiar la configuraci\u00f3n que actualmente emplea.<\/p>\n<p>Asimismo, tiene la posibilidad de revocar en cualquier momento el consentimiento prestado para la utilizaci\u00f3n de cookies por parte de Volkswagen, configurando para ello su navegador en los t\u00e9rminos previstos en el punto anterior.<\/p>\n<p>Sin perjuicio de lo anterior, tenga en cuenta que la deshabilitaci\u00f3n de las mismas podr\u00eda afectar al correcto funcionamiento de determinadas secciones del sitio Web.<\/p>\n<p>Por favor, consulte las instrucciones y manuales de su navegador para ampliar esta informaci\u00f3n:<\/p>\n<p>* Si utiliza Microsoft Internet Explorer, en la opci\u00f3n de men\u00fa Herramientas, seleccionando Opciones de Internet y accediendo a Privacidad.<\/p>\n<p>* Si utiliza Firefox, para Mac en la opci\u00f3n de men\u00fa Preferencias, seleccionando Privacidad, accediendo al apartado Mostrar Cookies, y para Windows en la opci\u00f3n de men\u00fa Herramientas, seleccionando Opciones, accediendo a Privacidad y luego a Usar una configuraci\u00f3n personalizada para el historial.<\/p>\n<p>* Si utiliza Safari, en la opci\u00f3n de men\u00fa Preferencias, seleccionando Privacidad.<\/p>\n<p>* Si utiliza Google Chrome, en la opci\u00f3n de men\u00fa Herramientas, seleccionando Opciones (Preferencias en Mac), accediendo a Avanzadas y luego en la opci\u00f3n Configuraci\u00f3n Contenido de la secci\u00f3n Privacidad, y finalmente marcando Cookies en el di\u00e1logo Configuraci\u00f3n de contenido.\u00bb<\/p>\n<h3>Actualizaci\u00f3n de la pol\u00edtica de cookies<\/h3>\n<p>En el caso de que las caracter\u00edsticas o fines de uso de las cookies de Vookit sean modificadas, se le informar\u00e1 acerca de esos cambios con el fin de recabar nuevamente su consentimiento.<\/p>\n","protected":false},"excerpt":{"rendered":"<p>Tratamiento de los datos obtenidos a trav\u00e9s de las cookies Te advertimos que esta web utiliza cookies. Las cookies son peque\u00f1os bloques de informaci\u00f3n que tu navegador almacena en el disco duro de tu ordenador y que permiten a Volkswagen Group Espa\u00f1a Distribuci\u00f3n S.A. ofrecerte servicios como la posibilidad de recordar determinados aspectos de tu [&hellip;]<\/p>\n","protected":false},"author":2,"featured_media":0,"parent":0,"menu_order":0,"comment_status":"closed","ping_status":"closed","template":"templates\/tpl-legal.php","meta":{"_acf_changed":false,"ep_exclude_from_search":false,"footnotes":""},"class_list":["post-48360","page","type-page","status-publish","hentry"],"acf":[],"_links":{"self":[{"href":"https:\/\/www.volkswagen.es\/comunicacion\/wp-json\/wp\/v2\/pages\/48360","targetHints":{"allow":["GET"]}}],"collection":[{"href":"https:\/\/www.volkswagen.es\/comunicacion\/wp-json\/wp\/v2\/pages"}],"about":[{"href":"https:\/\/www.volkswagen.es\/comunicacion\/wp-json\/wp\/v2\/types\/page"}],"author":[{"embeddable":true,"href":"https:\/\/www.volkswagen.es\/comunicacion\/wp-json\/wp\/v2\/users\/2"}],"replies":[{"embeddable":true,"href":"https:\/\/www.volkswagen.es\/comunicacion\/wp-json\/wp\/v2\/comments?post=48360"}],"version-history":[{"count":16,"href":"https:\/\/www.volkswagen.es\/comunicacion\/wp-json\/wp\/v2\/pages\/48360\/revisions"}],"predecessor-version":[{"id":52589,"href":"https:\/\/www.volkswagen.es\/comunicacion\/wp-json\/wp\/v2\/pages\/48360\/revisions\/52589"}],"wp:attachment":[{"href":"https:\/\/www.volkswagen.es\/comunicacion\/wp-json\/wp\/v2\/media?parent=48360"}],"curies":[{"name":"wp","href":"https:\/\/api.w.org\/{rel}","templated":true}]}}