{"id":48356,"date":"2021-03-05T11:53:59","date_gmt":"2021-03-05T11:53:59","guid":{"rendered":"https:\/\/www.volkswagen.es\/?page_id=48356"},"modified":"2021-11-23T13:20:48","modified_gmt":"2021-11-23T13:20:48","slug":"aviso-legal","status":"publish","type":"page","link":"https:\/\/www.volkswagen.es\/comunicacion\/aviso-legal\/","title":{"rendered":"Aviso legal"},"content":{"rendered":"<p >\n<h3>Qui\u00e9nes somos<\/h3>\n<p>Volkswagen Group Espa\u00f1a Distribuci\u00f3n, S.A.U.\u00a0 (\u00abVolkswagen Group Espa\u00f1a Distribuci\u00f3n\u00bb)<br \/>\nParque de Negocios Mas Blau II<br \/>\nEdificio Landscape &#8211; C\/ de la Selva 22<br \/>\n08820 El Prat de Llobregat (Barcelona)<br \/>\nN.I.F.: A60198512<br \/>\nCorreo electr\u00f3nico: <a title=\"Abrir cliente de correo\" href=\"mailto:delegadoprotecciondatos@volkswagengroup.es\">delegadoprotecciondedatos@volkswagengroup.es<\/a><br \/>\nTel\u00e9fono: 902151161<\/p>\n<h3>Aceptaci\u00f3n por el usuario<\/h3>\n<p>El presente documento (en adelante Aviso Legal) tiene por objeto regular el uso de esta p\u00e1gina Web (en adelante Web), que Volkswagen Group Espa\u00f1a Distribuci\u00f3n pone a disposici\u00f3n del p\u00fablico en la URL <a title=\"Ir a Volkswagen Espa\u00f1a\" href=\"https:\/\/www.volkswagen.es\/\">www.www.volkswagen.es<\/a>.<\/p>\n<p>La utilizaci\u00f3n del Sitio Web por un tercero le atribuye la condici\u00f3n de Usuario y, supone la aceptaci\u00f3n plena del Usuario de todas y cada una de las Condiciones que se incorporan en el presente Aviso Legal.<\/p>\n<p>Volkswagen Group Espa\u00f1a Distribuci\u00f3n puede ofrecer a trav\u00e9s del Sitio Web, servicios que podr\u00e1n someterse a unas condiciones particulares sobre las cuales se informar\u00e1 al Usuario en cada servicio concreto.<\/p>\n<p>Volkswagen Group Espa\u00f1a Distribuci\u00f3n se compromete a velar por la exactitud y actualidad del contenido del Sitio Web, incluyendo \u2013 a t\u00edtulo enunciativo y seg\u00fan corresponda \u2013 los datos sobre los modelos, precios, servicios, asistencia y otros.<\/p>\n<p>Sin perjuicio de la asunci\u00f3n de este compromiso, Volkswagen Group Espa\u00f1a Distribuci\u00f3n no est\u00e1 en posici\u00f3n de ofrecer, ni ofrece garant\u00eda respecto a la exactitud de la informaci\u00f3n de cualquier tipo recogida en el Sitio Web y que por error u omisi\u00f3n sea incorrecta o haya podido quedar anticuada. Con el objetivo de minimizar los inconvenientes ocasionados por posibles errores se recomienda la utilizaci\u00f3n de \u00e9stos como orientativos.<\/p>\n<p>La informaci\u00f3n facilitada a trav\u00e9s del Sitio Web es orientativa y no exhaustiva, y no podr\u00e1 ser considerada una orden de compra, pedido, una oferta de venta, financiaci\u00f3n, arrendamiento o de otros servicios, ni como medio para suscribir ning\u00fan tipo de compraventa u otro tipo de contrato o acuerdo con Volkswagen Group Espa\u00f1a Distribuci\u00f3n o con las entidades pertenecientes a su grupo empresarial.<\/p>\n<h3>Objeto<\/h3>\n<p>El objeto del Sitio Web es proporcionar las novedades informativas de Volkswagen Group Espa\u00f1a Distribuci\u00f3n, poniendo a disposici\u00f3n de los Usuarios noticias de actualidad, notas de prensa, contenidos multimedia, im\u00e1genes, informaci\u00f3n sobre modelos de veh\u00edculos, etc.<\/p>\n<h3>Uso correcto del sitio web<\/h3>\n<p>El Usuario se compromete a utilizar el Sitio Web, los contenidos y servicios de conformidad con la Ley, el presente Aviso Legal, las buenas costumbres y el orden p\u00fablico. Del mismo modo el Usuario se obliga a no utilizar el Sitio Web o los servicios que se presten a trav\u00e9s de \u00e9l con fines o efectos il\u00edcitos o contrarios al contenido del presente Aviso Legal, lesivos de los intereses o derechos de terceros, o que de cualquier forma pueda da\u00f1ar, inutilizar o deteriorar el Sitio Web o sus servicios o impedir un normal disfrute del Sitio Web por otros Usuarios.<\/p>\n<p>Asimismo, el Usuario se compromete expresamente a no destruir, alterar, inutilizar o, de cualquier otra forma, da\u00f1ar los datos, programas o documentos electr\u00f3nicos y dem\u00e1s que se encuentren en el Sitio Web.<\/p>\n<p>De igual forma, el Usuario se compromete a no obstaculizar el acceso de otros usuarios al servicio de acceso mediante el consumo masivo de los recursos inform\u00e1ticos a trav\u00e9s de los cuales Volkswagen Group Espa\u00f1a Distribuci\u00f3n presta el servicio, as\u00ed como realizar acciones que da\u00f1en, interrumpan o generen errores en dichos sistemas.<\/p>\n<p>El Usuario se compromete a no introducir programas, virus, macros, applets, controles ActiveX o cualquier otro dispositivo l\u00f3gico o secuencia de caracteres que causen o sean susceptibles de causar cualquier tipo de alteraci\u00f3n en los sistemas inform\u00e1ticos de Volkswagen Group Espa\u00f1a Distribuci\u00f3n o de terceros.<\/p>\n<p>El Usuario se compromete a no obtener informaciones, mensajes, gr\u00e1ficos, dibujos, archivos de sonido y\/o imagen, fotograf\u00edas, grabaciones, software y en general, cualquier clase de material accesible a trav\u00e9s del Sitio Web o de los servicios ofrecidos en el mismo.<\/p>\n<h3>Propiedad Intelectual e Industrial<\/h3>\n<p>Todos los contenidos del Sitio Web son de uso exclusivamente editorial, y salvo que se indique lo contrario, son titularidad exclusiva de Volkswagen Group Espa\u00f1a Distribuci\u00f3n o de terceros que han autorizado su inclusi\u00f3n en el Sitio Web y, con car\u00e1cter enunciativo, que no limitativo, el dise\u00f1o gr\u00e1fico, c\u00f3digo fuente, logos, textos, ilustraciones, fotograf\u00edas, y dem\u00e1s elementos que aparecen en el Sitio Web.<\/p>\n<p>Igualmente, todos los nombres comerciales, marcas o signos distintivos de cualquier clase contenidos en el Sitio Web est\u00e1n protegidos por la Ley.<\/p>\n<p>Volkswagen Group Espa\u00f1a Distribuci\u00f3n no concede ning\u00fan tipo de licencia o autorizaci\u00f3n de uso personal al Usuario sobre sus derechos de propiedad intelectual e industrial o sobre cualquier otro derecho relacionado con su Sitio Web y los servicios ofrecidos en la misma.<\/p>\n<p>Por ello, el Usuario reconoce que la reproducci\u00f3n, distribuci\u00f3n, comunicaci\u00f3n p\u00fablica, transformaci\u00f3n o cualquier comercializaci\u00f3n no autorizadas de los elementos indicados en los apartados anteriores constituye una infracci\u00f3n de los derechos de propiedad intelectual y\/o industrial de Volkswagen Group Espa\u00f1a Distribuci\u00f3n o del titular de los mismos.<\/p>\n<h3>R\u00e9gimen de Responsabilidad<\/h3>\n<p><b>A) Responsabilidad por el Uso del Sitio Web<\/b><br \/>\nEl Usuario es el \u00fanico responsable de las infracciones en las que pueda incurrir o de los perjuicios que pueda causar o causarse por la utilizaci\u00f3n del Sitio Web, quedando Volkswagen Group Espa\u00f1a Distribuci\u00f3n, exonerada de cualquier clase de responsabilidad que se pudiera derivar por las acciones del Usuario.<\/p>\n<p>El Usuario es el \u00fanico responsable frente a cualquier reclamaci\u00f3n o acci\u00f3n legal, judicial o extrajudicial, iniciada por terceras personas contra Volkswagen Group Espa\u00f1a Distribuci\u00f3n basada en la utilizaci\u00f3n por el Usuario del Sitio Web. En su caso, el Usuario asumir\u00e1 cuantos gastos, costes e indemnizaciones sean irrogados a Volkswagen Group Espa\u00f1a Distribuci\u00f3n con motivo de tales reclamaciones o acciones legales.<\/p>\n<p><b>B) Responsabilidad por el funcionamiento del Sitio Web<\/b><br \/>\nVolkswagen Group Espa\u00f1a Distribuci\u00f3n excluye toda responsabilidad que se pudiera derivar de interferencias, omisiones, interrupciones, virus inform\u00e1ticos, aver\u00edas telef\u00f3nicas o desconexiones en el funcionamiento operativo del sistema electr\u00f3nico, motivado por causas ajenas a Volkswagen Group Espa\u00f1a Distribuci\u00f3n.<\/p>\n<p>Asimismo, Volkswagen Group Espa\u00f1a Distribuci\u00f3n tambi\u00e9n excluye cualquier responsabilidad que pudiera derivarse por retrasos o bloqueos en el funcionamiento operativo de este sistema electr\u00f3nico causado por deficiencias o sobre carga en las l\u00edneas telef\u00f3nicas o en Internet, as\u00ed como de da\u00f1os causados por terceras personas mediante intromisiones ilegitimas fuera del control de Volkswagen Group Espa\u00f1a Distribuci\u00f3n.<\/p>\n<p><b>C) Responsabilidad por enlaces a terceros<\/b><br \/>\nVolkswagen Group Espa\u00f1a Distribuci\u00f3n declina toda responsabilidad respecto a la informaci\u00f3n que se halle fuera del Sitio Web ya que la funci\u00f3n de los enlaces a terceros que puedan aparecer es \u00fanicamente la de informar al Usuario sobre la existencia de otras fuentes de informaci\u00f3n sobre un tema en concreto.<\/p>\n<p>Volkswagen Group Espa\u00f1a Distribuci\u00f3n se exonera de toda responsabilidad por el correcto funcionamiento de tales enlaces, del resultado obtenido a trav\u00e9s de dichos enlaces, de la veracidad y licitud del contenido o informaci\u00f3n a la que se puede acceder as\u00ed como de los perjuicios que pueda sufrir en virtud de la informaci\u00f3n encontrada en el Sitio Web enlazado.<\/p>\n<p><b>D) Responsabilidad por acceso a redes sociales<\/b><br \/>\nVolkswagen Group Espa\u00f1a Distribuci\u00f3n declina toda responsabilidad respecto a la informaci\u00f3n contenida en las redes sociales a las que el Usuario pueda acceder a trav\u00e9s del Sitio Web, dado que dichas redes disponen de unas pol\u00edticas de privacidad propias sobre las que Volkswagen Group Espa\u00f1a Distribuci\u00f3n carece de control alguno.<\/p>\n<p>Volkswagen Group Espa\u00f1a Distribuci\u00f3n se exonera de toda responsabilidad por el correcto funcionamiento de tales redes, de la veracidad y licitud del contenido o informaci\u00f3n a la que se puede acceder a trav\u00e9s de las mismas, as\u00ed como de los perjuicios que pueda sufrir el Usuario en virtud de su utilizaci\u00f3n.<\/p>\n<h3>Cookies<\/h3>\n<p>El Sitio Web utiliza cookies. Los Usuarios pueden encontrar m\u00e1s informaci\u00f3n en la <a title=\"Ir a Pol\u00edtica de Cookies\" href=\"http:\/\/onclick=&quot;__cmp( 'showGDPRScreen');&quot;\">Pol\u00edtica de Cookies.<\/a><\/p>\n<h3>Protecci\u00f3n de Datos<\/h3>\n<p>Volkswagen Group Espa\u00f1a Distribuci\u00f3n proteger\u00e1 los datos personales de los Usuarios y los utilizar\u00e1 solo en la medida en que lo permita la ley o siempre que los Usuarios hayan dado su consentimiento. Los Usuarios pueden encontrar m\u00e1s informaci\u00f3n al respecto en la <a title=\"Ir a Pol\u00edtica de Privacidad\" href=\"https:\/\/www.volkswagen.es\/politica-de-privacidad-o-tratamiento-digital-de-datos\">Pol\u00edtica de Privacidad.<\/a><\/p>\n<h3>Modificaciones del Aviso legal<\/h3>\n<p>Volkswagen Group Espa\u00f1a Distribuci\u00f3n se reserva el derecho de modificar o actualizar el presente Aviso Legal en cualquier momento, as\u00ed como cualquier tipo de informaci\u00f3n que pudiera aparecer en el Sitio Web o su estructura y configuraci\u00f3n, por lo que el Usuario deber\u00e1 consultar este Aviso Legal regularmente. En caso de modificar el presente Aviso Legal, se indicar\u00e1 en la parte superior del mismo la fecha en que comienza a ser efectiva la nueva versi\u00f3n. En caso de que el Usuario contin\u00fae utilizando el Sitio Web una vez publicada la nueva versi\u00f3n, habr\u00e1 aceptado el nuevo Aviso Legal.<\/p>\n<h3>Notificaci\u00f3n e incidencias y posibles infracciones<\/h3>\n<p>Volkswagen Group Espa\u00f1a Distribuci\u00f3n respeta los derechos de terceros y la legislaci\u00f3n aplicable. El Usuario del Sitio Web est\u00e1 obligado a hacer lo mismo.<\/p>\n<p>En caso de encontrar incidencias t\u00e9cnicas en el funcionamiento del Sitio Web o si en alguna de las diferentes secciones encontrara errores, inexactitudes o contenidos contrarios a la legislaci\u00f3n o a derechos de terceros, el Usuario puede ponerse en contacto con Volkswagen Group Espa\u00f1a Distribuci\u00f3n a trav\u00e9s de <a title=\"Abrir cliente de correo\" href=\"mailto:delegadoprotecciondatos@volkswagengroup.es\">delegadoprotecciondedatos@volkswagengroup.es<\/a><\/p>\n<h3>Independencia e Integraci\u00f3n de las cl\u00e1usulas<\/h3>\n<p>La ilicitud, invalidez o ineficacia de cualquiera de las cl\u00e1usulas del presente Aviso Legal no afectar\u00e1 a la eficacia del resto, siempre que los derechos y obligaciones de las partes derivados del Aviso Legal no se vieran afectados de forma esencial. Se entiende por esencial cualquier situaci\u00f3n que lesione gravemente los intereses de cualquiera de las partes, o que recaiga sobre el objeto mismo del Aviso Legal. Dichas cl\u00e1usulas deber\u00e1n reemplazarse o integrarse con otras que, siendo conformes a la ley, respondan a la finalidad de las sustituidas. Las partes renuncian a cualquier reclamaci\u00f3n por da\u00f1os y perjuicios que pudiera pedirse por esta circunstancia.<\/p>\n<h3>Confindencialidad<\/h3>\n<p>Volkswagen Group Espa\u00f1a Distribuci\u00f3n se compromete al cumplimiento de su obligaci\u00f3n de secreto de los datos de car\u00e1cter personal y de su deber de guardarlos de forma confidencial y adoptar\u00e1 las medidas necesarias para evitar su alteraci\u00f3n, p\u00e9rdida, tratamiento o acceso no autorizado, habida cuenta en todo momento del estado de la tecnolog\u00eda.<\/p>\n<h3>Observaciones del Usuario<\/h3>\n<p>El Usuario garantiza que la informaci\u00f3n, material, contenidos u observaciones que no sean sus propios datos personales y que sean facilitados a Volkswagen Group Espa\u00f1a Distribuci\u00f3n a trav\u00e9s del Sitio Web, no infringen los Derechos de Propiedad Intelectual o Industrial de terceros, ni ninguna otra disposici\u00f3n legal.<\/p>\n<p>La informaci\u00f3n, materiales, contenidos u observaciones que el Usuario facilite a Volkswagen Group Espa\u00f1a Distribuci\u00f3n se considerar\u00e1n no confidenciales, reserv\u00e1ndose Volkswagen Group Espa\u00f1a Distribuci\u00f3n, el derecho a usarlas de la forma que considere m\u00e1s adecuada.<\/p>\n<h3>Legislaci\u00f3n aplicable y Competencia judicial<\/h3>\n<p>El presente Aviso Legal se rige por la legislaci\u00f3n espa\u00f1ola com\u00fan. Si el Usuario tiene la condici\u00f3n de consumidor, este Aviso Legal estar\u00e1 tambi\u00e9n sujeto a cualquier legislaci\u00f3n local aplicable.<\/p>\n<p>Cualquier controversia relacionada con este Aviso Legal, se someter\u00e1 a los tribunales competentes de la ciudad de Barcelona (Espa\u00f1a), y en el caso de que se trate de un Usuario que act\u00fae en su condici\u00f3n de consumidor, al tribunal del domicilio que corresponda al Usuario\/consumidor.<\/p>\n<p>El Usuario, en caso de actuar en condici\u00f3n de consumidor, podr\u00e1 igualmente someter cualquier disputa derivada de o relacionada con el presente Aviso Legal a un procedimiento de resoluci\u00f3n de conflictos alternativo (\u201cADR\u201d). El listado de plataformas ADR disponibles de la Comisi\u00f3n Europea puede consultarse en el <a title=\"Ir a Plataformas ADR\" href=\"https:\/\/webgate.ec.europa.eu\/odr\/main\/index.cfm?event=main.home.chooseLanguage\">siguiente enlace<\/a>.<\/p>\n<p>Sin perjuicio de lo anterior, Volkswagen Group Espa\u00f1a Distribuci\u00f3n no se compromete ni est\u00e1 obligada a tomar parte en procesos de resoluci\u00f3n de litigios en l\u00ednea ante el \u00f3rgano de arbitraje del consumidor.<\/p>\n<p>&nbsp;<\/p>\n<p>Fecha: 24 de noviembre de 2021<\/p>\n","protected":false},"excerpt":{"rendered":"<p>Qui\u00e9nes somos Volkswagen Group Espa\u00f1a Distribuci\u00f3n, S.A.U.\u00a0 (\u00abVolkswagen Group Espa\u00f1a Distribuci\u00f3n\u00bb) Parque de Negocios Mas Blau II Edificio Landscape &#8211; C\/ de la Selva 22 08820 El Prat de Llobregat (Barcelona) N.I.F.: A60198512 Correo electr\u00f3nico: delegadoprotecciondedatos@volkswagengroup.es Tel\u00e9fono: 902151161 Aceptaci\u00f3n por el usuario El presente documento (en adelante Aviso Legal) tiene por objeto regular el uso [&hellip;]<\/p>\n","protected":false},"author":2,"featured_media":0,"parent":0,"menu_order":0,"comment_status":"closed","ping_status":"closed","template":"templates\/tpl-legal.php","meta":{"_acf_changed":false,"ep_exclude_from_search":false,"footnotes":""},"class_list":["post-48356","page","type-page","status-publish","hentry"],"acf":[],"_links":{"self":[{"href":"https:\/\/www.volkswagen.es\/comunicacion\/wp-json\/wp\/v2\/pages\/48356","targetHints":{"allow":["GET"]}}],"collection":[{"href":"https:\/\/www.volkswagen.es\/comunicacion\/wp-json\/wp\/v2\/pages"}],"about":[{"href":"https:\/\/www.volkswagen.es\/comunicacion\/wp-json\/wp\/v2\/types\/page"}],"author":[{"embeddable":true,"href":"https:\/\/www.volkswagen.es\/comunicacion\/wp-json\/wp\/v2\/users\/2"}],"replies":[{"embeddable":true,"href":"https:\/\/www.volkswagen.es\/comunicacion\/wp-json\/wp\/v2\/comments?post=48356"}],"version-history":[{"count":22,"href":"https:\/\/www.volkswagen.es\/comunicacion\/wp-json\/wp\/v2\/pages\/48356\/revisions"}],"predecessor-version":[{"id":52444,"href":"https:\/\/www.volkswagen.es\/comunicacion\/wp-json\/wp\/v2\/pages\/48356\/revisions\/52444"}],"wp:attachment":[{"href":"https:\/\/www.volkswagen.es\/comunicacion\/wp-json\/wp\/v2\/media?parent=48356"}],"curies":[{"name":"wp","href":"https:\/\/api.w.org\/{rel}","templated":true}]}}