{"id":46132,"date":"2021-02-04T16:03:46","date_gmt":"2021-02-04T16:03:46","guid":{"rendered":"https:\/\/www.volkswagen.es\/?page_id=46132"},"modified":"2021-03-23T10:32:50","modified_gmt":"2021-03-23T10:32:50","slug":"contacto-comunicacion","status":"publish","type":"page","link":"https:\/\/www.volkswagen.es\/comunicacion\/contacto-comunicacion\/","title":{"rendered":"Contacto comunicaci\u00f3n"},"content":{"rendered":"<p>Introducci\u00f3n sobre el equipo de comunicaci\u00f3n.<\/p>\n","protected":false},"excerpt":{"rendered":"<p>Introducci\u00f3n sobre el equipo de comunicaci\u00f3n.<\/p>\n","protected":false},"author":2,"featured_media":0,"parent":0,"menu_order":0,"comment_status":"closed","ping_status":"closed","template":"templates\/tpl-contacto.php","meta":{"_acf_changed":false,"ep_exclude_from_search":false,"footnotes":""},"class_list":["post-46132","page","type-page","status-publish","hentry"],"acf":[],"_links":{"self":[{"href":"https:\/\/www.volkswagen.es\/comunicacion\/wp-json\/wp\/v2\/pages\/46132","targetHints":{"allow":["GET"]}}],"collection":[{"href":"https:\/\/www.volkswagen.es\/comunicacion\/wp-json\/wp\/v2\/pages"}],"about":[{"href":"https:\/\/www.volkswagen.es\/comunicacion\/wp-json\/wp\/v2\/types\/page"}],"author":[{"embeddable":true,"href":"https:\/\/www.volkswagen.es\/comunicacion\/wp-json\/wp\/v2\/users\/2"}],"replies":[{"embeddable":true,"href":"https:\/\/www.volkswagen.es\/comunicacion\/wp-json\/wp\/v2\/comments?post=46132"}],"version-history":[{"count":4,"href":"https:\/\/www.volkswagen.es\/comunicacion\/wp-json\/wp\/v2\/pages\/46132\/revisions"}],"predecessor-version":[{"id":50103,"href":"https:\/\/www.volkswagen.es\/comunicacion\/wp-json\/wp\/v2\/pages\/46132\/revisions\/50103"}],"wp:attachment":[{"href":"https:\/\/www.volkswagen.es\/comunicacion\/wp-json\/wp\/v2\/media?parent=46132"}],"curies":[{"name":"wp","href":"https:\/\/api.w.org\/{rel}","templated":true}]}}